{"id":157,"date":"2021-10-16T15:15:11","date_gmt":"2021-10-16T13:15:11","guid":{"rendered":"https:\/\/fullstockfileservice.com\/commande\/echec-de-la-transaction\/"},"modified":"2021-10-16T15:15:11","modified_gmt":"2021-10-16T13:15:11","slug":"echec-de-la-transaction","status":"publish","type":"page","link":"https:\/\/fullstockfileservice.com\/?page_id=157","title":{"rendered":"\u00c9chec de la transaction"},"content":{"rendered":"<p>Votre transaction a \u00e9chou\u00e9, veuillez r\u00e9essayer ou contacter le support technique du site.<\/p>\n","protected":false},"excerpt":{"rendered":"<p>Votre transaction a \u00e9chou\u00e9, veuillez r\u00e9essayer ou contacter le support technique du site.<\/p>\n","protected":false},"author":1,"featured_media":0,"parent":155,"menu_order":0,"comment_status":"closed","ping_status":"closed","template":"","meta":{"om_disable_all_campaigns":false,"_monsterinsights_skip_tracking":false,"_monsterinsights_sitenote_active":false,"_monsterinsights_sitenote_note":"","_monsterinsights_sitenote_category":0,"footnotes":""},"class_list":["post-157","page","type-page","status-publish","hentry"],"aioseo_notices":[],"jetpack_sharing_enabled":true,"_links":{"self":[{"href":"https:\/\/fullstockfileservice.com\/index.php?rest_route=\/wp\/v2\/pages\/157","targetHints":{"allow":["GET"]}}],"collection":[{"href":"https:\/\/fullstockfileservice.com\/index.php?rest_route=\/wp\/v2\/pages"}],"about":[{"href":"https:\/\/fullstockfileservice.com\/index.php?rest_route=\/wp\/v2\/types\/page"}],"author":[{"embeddable":true,"href":"https:\/\/fullstockfileservice.com\/index.php?rest_route=\/wp\/v2\/users\/1"}],"replies":[{"embeddable":true,"href":"https:\/\/fullstockfileservice.com\/index.php?rest_route=%2Fwp%2Fv2%2Fcomments&post=157"}],"version-history":[{"count":0,"href":"https:\/\/fullstockfileservice.com\/index.php?rest_route=\/wp\/v2\/pages\/157\/revisions"}],"up":[{"embeddable":true,"href":"https:\/\/fullstockfileservice.com\/index.php?rest_route=\/wp\/v2\/pages\/155"}],"wp:attachment":[{"href":"https:\/\/fullstockfileservice.com\/index.php?rest_route=%2Fwp%2Fv2%2Fmedia&parent=157"}],"curies":[{"name":"wp","href":"https:\/\/api.w.org\/{rel}","templated":true}]}}