{"id":304,"date":"2021-10-17T21:37:38","date_gmt":"2021-10-17T19:37:38","guid":{"rendered":"https:\/\/fullstockfileservice.com\/?page_id=304"},"modified":"2026-01-16T00:00:17","modified_gmt":"2026-01-15T23:00:17","slug":"page-d-accueil","status":"publish","type":"page","link":"https:\/\/fullstockfileservice.com\/?page_id=304","title":{"rendered":"PAGE D&rsquo;ACCUEIL"},"content":{"rendered":"<blockquote class=\"wp-block-quote is-style-plain is-layout-flow wp-block-quote-is-layout-flow\"><p class=\"has-text-align-center has-black-color has-text-color has-link-color wp-elements-5d2c9d34890b0115093d428ebb6da018\" style=\"font-size:18px\"><em><strong>FULLSTOCK FILE SERVICE &#8211; SERVICE DE FICHIER POUR PROFESSIONNEL ET AMATEUR<\/strong><\/em><\/p><\/blockquote><p><\/p><p class=\"has-text-align-center\" style=\"font-size:15px\">Chez FULLSTOCK nous nous distinguons par notre approche personnalis\u00e9e et notre engagement envers la fiabilit\u00e9. Nous d\u00e9veloppons depuis 20 ans des fichiers STAGE 1, STAGE 2 et conversion \u00e9thanol E85 cr\u00e9\u00e9s sur mesure par notre technicien, en tenant compte des sp\u00e9cificit\u00e9s de votre v\u00e9hicule, de son kilom\u00e9trage et de vos commentaires lors de votre commande.<br><br>Notre service d&rsquo;envoi de fichiers en ligne est rapide, avec ou sans ouverture de compte ! <\/p><p class=\"has-text-align-center\" style=\"font-size:15px\"><strong>Mise \u00e0 jour janvier 2026 : Simplification du formulaire de modification de fichiers, et actualisation des tarifs avec de nombreux prix en baisse !!!<\/strong><br><\/p><p class=\"has-text-align-center has-black-color has-text-color has-link-color wp-elements-ba0e68f8fa471ea5fb6cbb22e936645d\" style=\"font-size:18px\"><br><em><strong>Acc\u00e9dez aux diff\u00e9rents services d\u00e9s \u00e0 pr\u00e9sent en cliquant sur les ic\u00f4nes ci dessous !<\/strong><\/em><\/p><div class=\"wp-block-columns alignfull has-text-color has-background is-layout-flex wp-container-core-columns-is-layout-1 wp-block-columns-is-layout-flex\" style=\"color:#000000;background-color:#ffffff\"><div class=\"wp-block-column is-layout-flow wp-block-column-is-layout-flow\"><h3 class=\"wp-block-heading has-text-align-center\" style=\"font-size:20px;line-height:1.3\"><strong><a href=\"https:\/\/fullstockfileservice.com\/?product=service-de-fichier-en-ligne-stage-de-preparation-et-conversion-e85-copie\" title=\"\">Service de fichiers <\/a><\/strong><\/h3>\n\n<figure class=\"wp-block-image aligncenter size-thumbnail is-style-default\"><a href=\"https:\/\/fullstockfileservice.com\/?product=service-de-fichier-en-ligne-stage-de-preparation-et-conversion-e85-copie\"><img data-recalc-dims=\"1\" decoding=\"async\" width=\"150\" height=\"150\" src=\"https:\/\/i0.wp.com\/fullstockfileservice.com\/wp-content\/uploads\/2025\/04\/but-power-1.png?resize=150%2C150&#038;ssl=1\" alt=\"\" class=\"wp-image-3914\" srcset=\"https:\/\/i0.wp.com\/fullstockfileservice.com\/wp-content\/uploads\/2025\/04\/but-power-1.png?resize=150%2C150&amp;ssl=1 150w, https:\/\/i0.wp.com\/fullstockfileservice.com\/wp-content\/uploads\/2025\/04\/but-power-1.png?resize=100%2C100&amp;ssl=1 100w, https:\/\/i0.wp.com\/fullstockfileservice.com\/wp-content\/uploads\/2025\/04\/but-power-1.png?w=300&amp;ssl=1 300w\" sizes=\"(max-width: 150px) 100vw, 150px\" \/><\/a><\/figure>\n\n<p class=\"has-text-align-center\" style=\"font-size:15px\"><a href=\"https:\/\/fullstockfileservice.com\/?product=service-de-fichier-en-ligne-stage-de-preparation-et-conversion-e85-copie\" title=\"Envoyez votre fichier d'origine et choisissez vos options\">Envoyez votre fichier d&rsquo;origine et choisissez vos options<\/a><\/p><\/div>\n\n<div class=\"wp-block-column is-layout-flow wp-block-column-is-layout-flow\"><h3 class=\"wp-block-heading has-text-align-center\" style=\"font-size:20px;line-height:1.3\"><strong><a href=\"https:\/\/fullstockfileservice.com\/?product=reparation-de-votre-fichier-airbag\" title=\"\">Reset fichier Airbag<\/a><\/strong><\/h3>\n\n<figure class=\"wp-block-image aligncenter size-thumbnail is-style-default\"><a href=\"https:\/\/fullstockfileservice.com\/?product=reparation-de-votre-fichier-airbag\"><img data-recalc-dims=\"1\" decoding=\"async\" width=\"150\" height=\"150\" src=\"https:\/\/i0.wp.com\/fullstockfileservice.com\/wp-content\/uploads\/2025\/04\/but-airbag1.png?resize=150%2C150&#038;ssl=1\" alt=\"\" class=\"wp-image-3915\" srcset=\"https:\/\/i0.wp.com\/fullstockfileservice.com\/wp-content\/uploads\/2025\/04\/but-airbag1.png?resize=150%2C150&amp;ssl=1 150w, https:\/\/i0.wp.com\/fullstockfileservice.com\/wp-content\/uploads\/2025\/04\/but-airbag1.png?resize=100%2C100&amp;ssl=1 100w, https:\/\/i0.wp.com\/fullstockfileservice.com\/wp-content\/uploads\/2025\/04\/but-airbag1.png?w=300&amp;ssl=1 300w\" sizes=\"(max-width: 150px) 100vw, 150px\" \/><\/a><\/figure>\n\n<p class=\"has-text-align-center\" style=\"font-size:15px\"><a href=\"https:\/\/fullstockfileservice.com\/?product=reparation-de-votre-fichier-airbag\" title=\"Envoyez votre fichier Airbag pour une r\u00e9paration\">Envoyez votre fichier Airbag pour une r\u00e9paration<\/a><\/p><\/div>\n\n<div class=\"wp-block-column is-layout-flow wp-block-column-is-layout-flow\"><h3 class=\"wp-block-heading has-text-align-center\" style=\"font-size:20px;line-height:1.3\"><strong><a href=\"https:\/\/fullstockfileservice.com\/?product=service-de-fichier-en-ligne-suppression-dtc\" title=\"\">Suppression de DTC<\/a><\/strong><\/h3>\n\n<figure class=\"wp-block-image aligncenter size-thumbnail is-style-default\"><a href=\"https:\/\/fullstockfileservice.com\/?product=service-de-fichier-en-ligne-suppression-dtc\"><img data-recalc-dims=\"1\" decoding=\"async\" width=\"150\" height=\"150\" src=\"https:\/\/i0.wp.com\/fullstockfileservice.com\/wp-content\/uploads\/2025\/04\/but-dtc1.png?resize=150%2C150&#038;ssl=1\" alt=\"\" class=\"wp-image-3916\" srcset=\"https:\/\/i0.wp.com\/fullstockfileservice.com\/wp-content\/uploads\/2025\/04\/but-dtc1.png?resize=150%2C150&amp;ssl=1 150w, https:\/\/i0.wp.com\/fullstockfileservice.com\/wp-content\/uploads\/2025\/04\/but-dtc1.png?resize=100%2C100&amp;ssl=1 100w, https:\/\/i0.wp.com\/fullstockfileservice.com\/wp-content\/uploads\/2025\/04\/but-dtc1.png?w=300&amp;ssl=1 300w\" sizes=\"(max-width: 150px) 100vw, 150px\" \/><\/a><\/figure>\n\n<p class=\"has-text-align-center\" style=\"font-size:15px\"><a href=\"https:\/\/fullstockfileservice.com\/?product=service-de-fichier-en-ligne-suppression-dtc\" title=\"\">Envoyez votre fichier pour une suppression de DTC.<\/a><\/p><\/div><\/div><p>Nous proposons \u00e9galement des vid\u00e9os de formation \u00e0 la reprogrammation, trait\u00e9s par moteur et calculateur, chose unique dans le monde francophone, contrairement \u00e0 nos confr\u00e8res qui proposent des  formation g\u00e9n\u00e9raliste ! Int\u00e9ress\u00e9 ? \u00e7a se passe par ici. <\/p><div class=\"wp-block-buttons is-content-justification-center is-layout-flex wp-container-core-buttons-is-layout-1 wp-block-buttons-is-layout-flex\"><div class=\"wp-block-button is-style-outline is-style-outline--1\"><a class=\"wp-block-button__link wp-element-button\" href=\"https:\/\/fullstockfileservice.com\/?product_cat=formation-video\"><em><strong>J<\/strong><\/em>e<em><strong> veux voir vos formations !<\/strong><\/em><\/a><\/div><\/div><p>.<\/p><p><\/p><p><\/p><div class=\"wp-block-media-text is-stacked-on-mobile is-image-fill-element\" style=\"grid-template-columns:55% auto\"><figure class=\"wp-block-media-text__media\"><img data-recalc-dims=\"1\" loading=\"lazy\" decoding=\"async\" width=\"450\" height=\"367\" src=\"https:\/\/i0.wp.com\/fullstockfileservice.com\/wp-content\/uploads\/2025\/04\/yarisGR.jpg?resize=450%2C367&#038;ssl=1\" alt=\"\" class=\"wp-image-3827 size-full\" style=\"object-position:50% 50%\" srcset=\"https:\/\/i0.wp.com\/fullstockfileservice.com\/wp-content\/uploads\/2025\/04\/yarisGR.jpg?w=450&amp;ssl=1 450w, https:\/\/i0.wp.com\/fullstockfileservice.com\/wp-content\/uploads\/2025\/04\/yarisGR.jpg?resize=300%2C245&amp;ssl=1 300w, https:\/\/i0.wp.com\/fullstockfileservice.com\/wp-content\/uploads\/2025\/04\/yarisGR.jpg?resize=400%2C326&amp;ssl=1 400w\" sizes=\"(max-width: 450px) 100vw, 450px\" \/><\/figure><div class=\"wp-block-media-text__content\"><p class=\"has-text-align-center\" style=\"font-size:15px\">Notre base de donn\u00e9es contient des fichiers que nous avons d\u00e9velopp\u00e9s nous-m\u00eames sur banc de puissance, et nous les mettons r\u00e9guli\u00e8rement \u00e0 jour depuis plus de 20 ans en collaboration avec nos partenaires professionnels. FULLSTOCK est \u00e9galement un atelier de r\u00e9paration \u00e9lectronique toutes marques. Nous intervenons sur les v\u00e9hicules pr\u00e9sentant des probl\u00e8mes \u00e9lectroniques tels que des calculateurs d\u00e9faillants ou des faisceaux endommag\u00e9s.<\/p>\n\n<p class=\"has-text-align-center\" style=\"font-size:14px\"><\/p>\n\n<p class=\"has-text-align-center\" style=\"font-size:14px\">En tant que soci\u00e9t\u00e9 fran\u00e7aise bas\u00e9e dans le sud de la France, nous vous proposons un support technique en fran\u00e7ais.<\/p><\/div><\/div><p class=\"has-text-align-center\">.<\/p><p style=\"font-size:15px\">Si vous \u00eates un professionnel, vous avez \u00e9galement la possibilit\u00e9 de devenir affili\u00e9 chez nous en tant que slave Autotuner ou Alientech, et de profiter d&rsquo;avantage r\u00e9serv\u00e9s aux professionnels (achat de cr\u00e9dits en Lots). De plus, nous proposons un tarif d\u00e9gressif et un syst\u00e8me de cashback : \u00e0 chaque achat de plus de 50 \u20ac, vous cumulez des cr\u00e9dits automatiquement d\u00e9duits sur vos achats suivants !<\/p><p class=\"has-text-align-center\" style=\"font-size:14px\"><strong>Nous pouvons intervenir sur les fichiers provenant de n&rsquo;importe quelle interface de lecture, y compris CMD Flashtec, bFlash, Autotuner, PCMFlash, BitBox, Alientech Kess et K-Tag, DimSport, Magic Motorsport, Byte Shooter, Piasini, Abrites, FGTECH Galletto, MPPS, Hondata, HPTuner, et m\u00eame les lectures de puce, etc.<\/strong><\/p><p class=\"has-text-align-center\" style=\"font-size:14px\">Nous sommes impatients de vous accompagner dans l&rsquo;optimisation de votre v\u00e9hicule.<\/p><p class=\"has-text-align-center\" style=\"font-size:14px\">Sportivement,<\/p><p class=\"has-text-align-center\" style=\"font-size:14px\">L&rsquo;\u00e9quipe FULLSTOCK<\/p><p style=\"font-size:31px\"><strong><em>Suivez notre actualit\u00e9 !<\/em><\/strong><\/p><ul class=\"wp-block-latest-posts__list is-grid columns-4 wp-block-latest-posts has-text-color has-pale-cyan-blue-color has-small-font-size\"><li><div class=\"wp-block-latest-posts__featured-image aligncenter\"><img loading=\"lazy\" decoding=\"async\" width=\"300\" height=\"288\" src=\"https:\/\/i0.wp.com\/fullstockfileservice.com\/wp-content\/uploads\/2026\/04\/COOPER-MRS.jpg?fit=300%2C288&amp;ssl=1\" class=\"wp-image-4845 avia-img-lazy-loading-4845 attachment-medium size-medium wp-post-image\" alt=\"\" style=\"\" srcset=\"https:\/\/i0.wp.com\/fullstockfileservice.com\/wp-content\/uploads\/2026\/04\/COOPER-MRS.jpg?w=1080&amp;ssl=1 1080w, https:\/\/i0.wp.com\/fullstockfileservice.com\/wp-content\/uploads\/2026\/04\/COOPER-MRS.jpg?resize=300%2C288&amp;ssl=1 300w, https:\/\/i0.wp.com\/fullstockfileservice.com\/wp-content\/uploads\/2026\/04\/COOPER-MRS.jpg?resize=1024%2C981&amp;ssl=1 1024w, https:\/\/i0.wp.com\/fullstockfileservice.com\/wp-content\/uploads\/2026\/04\/COOPER-MRS.jpg?resize=768%2C736&amp;ssl=1 768w, https:\/\/i0.wp.com\/fullstockfileservice.com\/wp-content\/uploads\/2026\/04\/COOPER-MRS.jpg?resize=36%2C36&amp;ssl=1 36w, https:\/\/i0.wp.com\/fullstockfileservice.com\/wp-content\/uploads\/2026\/04\/COOPER-MRS.jpg?resize=705%2C676&amp;ssl=1 705w, https:\/\/i0.wp.com\/fullstockfileservice.com\/wp-content\/uploads\/2026\/04\/COOPER-MRS.jpg?resize=450%2C431&amp;ssl=1 450w, https:\/\/i0.wp.com\/fullstockfileservice.com\/wp-content\/uploads\/2026\/04\/COOPER-MRS.jpg?resize=400%2C383&amp;ssl=1 400w\" sizes=\"(max-width: 300px) 100vw, 300px\" \/><\/div><a class=\"wp-block-latest-posts__post-title\" href=\"https:\/\/fullstockfileservice.com\/?p=4879\">Petit tease&#8230;<\/a><div class=\"wp-block-latest-posts__post-excerpt\">2 autres auto en cour sur cette photo \ud83d\ude42<\/div><\/li>\n<li><div class=\"wp-block-latest-posts__featured-image aligncenter\"><img loading=\"lazy\" decoding=\"async\" width=\"300\" height=\"288\" src=\"https:\/\/i0.wp.com\/fullstockfileservice.com\/wp-content\/uploads\/2026\/04\/coopers192.jpg?fit=300%2C288&amp;ssl=1\" class=\"wp-image-4844 avia-img-lazy-loading-4844 attachment-medium size-medium wp-post-image\" alt=\"\" style=\"\" srcset=\"https:\/\/i0.wp.com\/fullstockfileservice.com\/wp-content\/uploads\/2026\/04\/coopers192.jpg?w=1080&amp;ssl=1 1080w, https:\/\/i0.wp.com\/fullstockfileservice.com\/wp-content\/uploads\/2026\/04\/coopers192.jpg?resize=300%2C288&amp;ssl=1 300w, https:\/\/i0.wp.com\/fullstockfileservice.com\/wp-content\/uploads\/2026\/04\/coopers192.jpg?resize=1024%2C981&amp;ssl=1 1024w, https:\/\/i0.wp.com\/fullstockfileservice.com\/wp-content\/uploads\/2026\/04\/coopers192.jpg?resize=768%2C736&amp;ssl=1 768w, https:\/\/i0.wp.com\/fullstockfileservice.com\/wp-content\/uploads\/2026\/04\/coopers192.jpg?resize=36%2C36&amp;ssl=1 36w, https:\/\/i0.wp.com\/fullstockfileservice.com\/wp-content\/uploads\/2026\/04\/coopers192.jpg?resize=705%2C676&amp;ssl=1 705w, https:\/\/i0.wp.com\/fullstockfileservice.com\/wp-content\/uploads\/2026\/04\/coopers192.jpg?resize=450%2C431&amp;ssl=1 450w, https:\/\/i0.wp.com\/fullstockfileservice.com\/wp-content\/uploads\/2026\/04\/coopers192.jpg?resize=400%2C383&amp;ssl=1 400w\" sizes=\"(max-width: 300px) 100vw, 300px\" \/><\/div><a class=\"wp-block-latest-posts__post-title\" href=\"https:\/\/fullstockfileservice.com\/?p=4877\">Mini Cooper S 2.0 T 192ch<\/a><div class=\"wp-block-latest-posts__post-excerpt\">Optimisation Stage 1 et conversion \u00e9thanol e85 pour cette mini qui re\u00e7oit une grosse cure de vitamine avec quasiment 80 chevaux de gain et du couple en pagaille !!! Et bien sur, le ptit plus c&rsquo;est la conversion \u00e9thanol !<\/div><\/li>\n<li><div class=\"wp-block-latest-posts__featured-image aligncenter\"><img loading=\"lazy\" decoding=\"async\" width=\"300\" height=\"288\" src=\"https:\/\/i0.wp.com\/fullstockfileservice.com\/wp-content\/uploads\/2026\/04\/BERLINGO.jpg?fit=300%2C288&amp;ssl=1\" class=\"wp-image-4840 avia-img-lazy-loading-4840 attachment-medium size-medium wp-post-image\" alt=\"\" style=\"\" srcset=\"https:\/\/i0.wp.com\/fullstockfileservice.com\/wp-content\/uploads\/2026\/04\/BERLINGO.jpg?w=1080&amp;ssl=1 1080w, https:\/\/i0.wp.com\/fullstockfileservice.com\/wp-content\/uploads\/2026\/04\/BERLINGO.jpg?resize=300%2C288&amp;ssl=1 300w, https:\/\/i0.wp.com\/fullstockfileservice.com\/wp-content\/uploads\/2026\/04\/BERLINGO.jpg?resize=1024%2C981&amp;ssl=1 1024w, https:\/\/i0.wp.com\/fullstockfileservice.com\/wp-content\/uploads\/2026\/04\/BERLINGO.jpg?resize=768%2C736&amp;ssl=1 768w, https:\/\/i0.wp.com\/fullstockfileservice.com\/wp-content\/uploads\/2026\/04\/BERLINGO.jpg?resize=36%2C36&amp;ssl=1 36w, https:\/\/i0.wp.com\/fullstockfileservice.com\/wp-content\/uploads\/2026\/04\/BERLINGO.jpg?resize=705%2C676&amp;ssl=1 705w, https:\/\/i0.wp.com\/fullstockfileservice.com\/wp-content\/uploads\/2026\/04\/BERLINGO.jpg?resize=450%2C431&amp;ssl=1 450w, https:\/\/i0.wp.com\/fullstockfileservice.com\/wp-content\/uploads\/2026\/04\/BERLINGO.jpg?resize=400%2C383&amp;ssl=1 400w\" sizes=\"(max-width: 300px) 100vw, 300px\" \/><\/div><a class=\"wp-block-latest-posts__post-title\" href=\"https:\/\/fullstockfileservice.com\/?p=4874\">Citroen Berlingo 1.6 BlueHDI<\/a><div class=\"wp-block-latest-posts__post-excerpt\">R\u00e9paration du syst\u00e8me ADBlue et FAP<\/div><\/li>\n<li><div class=\"wp-block-latest-posts__featured-image aligncenter\"><img loading=\"lazy\" decoding=\"async\" width=\"300\" height=\"288\" src=\"https:\/\/i0.wp.com\/fullstockfileservice.com\/wp-content\/uploads\/2026\/04\/DS3.jpg?fit=300%2C288&amp;ssl=1\" class=\"wp-image-4846 avia-img-lazy-loading-4846 attachment-medium size-medium wp-post-image\" alt=\"\" style=\"\" srcset=\"https:\/\/i0.wp.com\/fullstockfileservice.com\/wp-content\/uploads\/2026\/04\/DS3.jpg?w=1080&amp;ssl=1 1080w, https:\/\/i0.wp.com\/fullstockfileservice.com\/wp-content\/uploads\/2026\/04\/DS3.jpg?resize=300%2C288&amp;ssl=1 300w, https:\/\/i0.wp.com\/fullstockfileservice.com\/wp-content\/uploads\/2026\/04\/DS3.jpg?resize=1024%2C981&amp;ssl=1 1024w, https:\/\/i0.wp.com\/fullstockfileservice.com\/wp-content\/uploads\/2026\/04\/DS3.jpg?resize=768%2C736&amp;ssl=1 768w, https:\/\/i0.wp.com\/fullstockfileservice.com\/wp-content\/uploads\/2026\/04\/DS3.jpg?resize=36%2C36&amp;ssl=1 36w, https:\/\/i0.wp.com\/fullstockfileservice.com\/wp-content\/uploads\/2026\/04\/DS3.jpg?resize=705%2C676&amp;ssl=1 705w, https:\/\/i0.wp.com\/fullstockfileservice.com\/wp-content\/uploads\/2026\/04\/DS3.jpg?resize=450%2C431&amp;ssl=1 450w, https:\/\/i0.wp.com\/fullstockfileservice.com\/wp-content\/uploads\/2026\/04\/DS3.jpg?resize=400%2C383&amp;ssl=1 400w\" sizes=\"(max-width: 300px) 100vw, 300px\" \/><\/div><a class=\"wp-block-latest-posts__post-title\" href=\"https:\/\/fullstockfileservice.com\/?p=4872\">Citroen DS3 1.6 BlueHDI 100<\/a><div class=\"wp-block-latest-posts__post-excerpt\">Optimisation Stage 1 et r\u00e9paration des syst\u00e8mes ADBlue et FAP sur cette petite DS3<\/div><\/li>\n<\/ul><div class=\"wp-block-group is-nowrap is-layout-flex wp-container-core-group-is-layout-1 wp-block-group-is-layout-flex\"><figure class=\"wp-block-table alignright is-style-regular has-small-font-size\"><table class=\"has-vivid-cyan-blue-color has-text-color has-link-color\"><tbody><tr><td class=\"has-text-align-right\" data-align=\"right\">Du lundi au vendredi :<br> 09h00 \/ 18h00<br>Samedi : <br>09h00 \/ 14h00<br>Dimanche : Ferm\u00e9<\/td><td class=\"has-text-align-center\" data-align=\"center\"><a href=\"mailto:Infos@fullstockfileservice.com\" target=\"_blank\" rel=\"noreferrer noopener\">Infos@fullstockfileservice.com<\/a><\/td><td class=\"has-text-align-center\" data-align=\"center\"><img decoding=\"async\" style=\"width: 200px;\" src=\"https:\/\/www.evc.de\/common\/check_evc_license_image.asp?k=Fzl8En5CRdenKajP3UmQNw%3d%3d\" alt=\"logo evc_license\"><\/td><td class=\"has-text-align-center\" data-align=\"center\"><img data-recalc-dims=\"1\" decoding=\"async\" style=\"\" src=\"https:\/\/i0.wp.com\/fullstockfileservice.com\/wp-content\/uploads\/2022\/11\/autotuner.jpg?w=1500&#038;ssl=1\" alt=\"logo autotuner\"><\/td><td class=\"has-text-align-center\" data-align=\"center\"><a data-type=\"URL\" data-id=\"https:\/\/www.youtube.com\/@fullstockfileservice\" href=\"https:\/\/www.youtube.com\/@fullstockfileservice\" target=\"_blank\" rel=\"noreferrer noopener\"><\/a><a data-type=\"URL\" data-id=\"https:\/\/www.youtube.com\/@fullstockfileservice\" href=\"https:\/\/www.youtube.com\/@fullstockfileservice\" target=\"_blank\" rel=\"noreferrer noopener\"><img data-recalc-dims=\"1\" loading=\"lazy\" decoding=\"async\" width=\"150\" height=\"150\" class=\"wp-image-1799\" style=\"width: 150px;\" src=\"https:\/\/i0.wp.com\/fullstockfileservice.com\/wp-content\/uploads\/2023\/06\/youtubelogo2.jpg?resize=150%2C150&#038;ssl=1\" alt=\"logo youtube\" srcset=\"https:\/\/i0.wp.com\/fullstockfileservice.com\/wp-content\/uploads\/2023\/06\/youtubelogo2.jpg?w=250&amp;ssl=1 250w, https:\/\/i0.wp.com\/fullstockfileservice.com\/wp-content\/uploads\/2023\/06\/youtubelogo2.jpg?resize=150%2C150&amp;ssl=1 150w, https:\/\/i0.wp.com\/fullstockfileservice.com\/wp-content\/uploads\/2023\/06\/youtubelogo2.jpg?resize=100%2C100&amp;ssl=1 100w\" sizes=\"(max-width: 150px) 100vw, 150px\" \/><\/a><\/td><\/tr><\/tbody><tfoot><tr><td class=\"has-text-align-right\" data-align=\"right\">Horaires<\/td><td class=\"has-text-align-center\" data-align=\"center\">Contact<\/td><td class=\"has-text-align-center\" data-align=\"center\">WinOls<\/td><td class=\"has-text-align-center\" data-align=\"center\">AUTOTUNER<\/td><td class=\"has-text-align-center\" data-align=\"center\">Notre Youtube<\/td><\/tr><\/tfoot><\/table><\/figure><\/div><div class=\"wp-block-columns is-layout-flex wp-container-core-columns-is-layout-2 wp-block-columns-is-layout-flex\"><div class=\"wp-block-column is-layout-flow wp-block-column-is-layout-flow\" style=\"flex-basis:100%\"><\/div><\/div><p><\/p>","protected":false},"excerpt":{"rendered":"<p>FULLSTOCK FILE SERVICE &#8211; SERVICE DE FICHIER POUR PROFESSIONNEL ET AMATEUR Chez FULLSTOCK nous nous distinguons par notre approche personnalis\u00e9e et notre engagement envers la fiabilit\u00e9. Nous d\u00e9veloppons depuis 20 ans des fichiers STAGE 1, STAGE 2 et conversion \u00e9thanol E85 cr\u00e9\u00e9s sur mesure par notre technicien, en tenant compte des sp\u00e9cificit\u00e9s de votre v\u00e9hicule, [&hellip;]<\/p>\n","protected":false},"author":1,"featured_media":0,"parent":0,"menu_order":0,"comment_status":"closed","ping_status":"closed","template":"","meta":{"om_disable_all_campaigns":false,"_monsterinsights_skip_tracking":false,"_monsterinsights_sitenote_active":false,"_monsterinsights_sitenote_note":"","_monsterinsights_sitenote_category":0,"footnotes":""},"class_list":["post-304","page","type-page","status-publish","hentry"],"aioseo_notices":[],"jetpack_sharing_enabled":true,"_links":{"self":[{"href":"https:\/\/fullstockfileservice.com\/index.php?rest_route=\/wp\/v2\/pages\/304","targetHints":{"allow":["GET"]}}],"collection":[{"href":"https:\/\/fullstockfileservice.com\/index.php?rest_route=\/wp\/v2\/pages"}],"about":[{"href":"https:\/\/fullstockfileservice.com\/index.php?rest_route=\/wp\/v2\/types\/page"}],"author":[{"embeddable":true,"href":"https:\/\/fullstockfileservice.com\/index.php?rest_route=\/wp\/v2\/users\/1"}],"replies":[{"embeddable":true,"href":"https:\/\/fullstockfileservice.com\/index.php?rest_route=%2Fwp%2Fv2%2Fcomments&post=304"}],"version-history":[{"count":113,"href":"https:\/\/fullstockfileservice.com\/index.php?rest_route=\/wp\/v2\/pages\/304\/revisions"}],"predecessor-version":[{"id":4557,"href":"https:\/\/fullstockfileservice.com\/index.php?rest_route=\/wp\/v2\/pages\/304\/revisions\/4557"}],"wp:attachment":[{"href":"https:\/\/fullstockfileservice.com\/index.php?rest_route=%2Fwp%2Fv2%2Fmedia&parent=304"}],"curies":[{"name":"wp","href":"https:\/\/api.w.org\/{rel}","templated":true}]}}