{"id":3121,"date":"2024-03-03T17:45:23","date_gmt":"2024-03-03T16:45:23","guid":{"rendered":"https:\/\/fullstockfileservice.com\/?page_id=3121"},"modified":"2024-03-03T20:14:38","modified_gmt":"2024-03-03T19:14:38","slug":"le-reseau-des-partenaires-fullstock","status":"publish","type":"page","link":"https:\/\/fullstockfileservice.com\/?page_id=3121","title":{"rendered":"Le r\u00e9seau des partenaires FULLSTOCK"},"content":{"rendered":"<p>Les partenaires exclusifs (ic\u00f4nes bleu sur la carte) travaillent avec nous pour tous types d&rsquo;intervention \u00e9lectronique sur votre v\u00e9hicule et travaille avec nous uniquement.<\/p><p class=\"has-text-align-left\">Les partenaires agr\u00e9es (ic\u00f4nes vert sur la carte) sont ind\u00e9pendants et font appel \u00e0 nos services occasionnellement.<\/p><iframe src=\"https:\/\/www.google.com\/maps\/d\/embed?mid=1mJkN_Hoh-qQLZ_On1UxrJZoBNBAmAZU&#038;ehbc=2E312F&#038;noprof=1\" width=\"640\" height=\"480\"><\/iframe><p class=\"has-text-align-center\"><\/p>","protected":false},"excerpt":{"rendered":"<p>Les partenaires exclusifs (ic\u00f4nes bleu sur la carte) travaillent avec nous pour tous types d&rsquo;intervention \u00e9lectronique sur votre v\u00e9hicule et travaille avec nous uniquement. Les partenaires agr\u00e9es (ic\u00f4nes vert sur la carte) sont ind\u00e9pendants et font appel \u00e0 nos services occasionnellement.<\/p>\n","protected":false},"author":1,"featured_media":0,"parent":0,"menu_order":0,"comment_status":"closed","ping_status":"closed","template":"","meta":{"om_disable_all_campaigns":false,"_monsterinsights_skip_tracking":false,"_monsterinsights_sitenote_active":false,"_monsterinsights_sitenote_note":"","_monsterinsights_sitenote_category":0,"footnotes":""},"class_list":["post-3121","page","type-page","status-publish","hentry"],"aioseo_notices":[],"jetpack_sharing_enabled":true,"_links":{"self":[{"href":"https:\/\/fullstockfileservice.com\/index.php?rest_route=\/wp\/v2\/pages\/3121","targetHints":{"allow":["GET"]}}],"collection":[{"href":"https:\/\/fullstockfileservice.com\/index.php?rest_route=\/wp\/v2\/pages"}],"about":[{"href":"https:\/\/fullstockfileservice.com\/index.php?rest_route=\/wp\/v2\/types\/page"}],"author":[{"embeddable":true,"href":"https:\/\/fullstockfileservice.com\/index.php?rest_route=\/wp\/v2\/users\/1"}],"replies":[{"embeddable":true,"href":"https:\/\/fullstockfileservice.com\/index.php?rest_route=%2Fwp%2Fv2%2Fcomments&post=3121"}],"version-history":[{"count":5,"href":"https:\/\/fullstockfileservice.com\/index.php?rest_route=\/wp\/v2\/pages\/3121\/revisions"}],"predecessor-version":[{"id":3128,"href":"https:\/\/fullstockfileservice.com\/index.php?rest_route=\/wp\/v2\/pages\/3121\/revisions\/3128"}],"wp:attachment":[{"href":"https:\/\/fullstockfileservice.com\/index.php?rest_route=%2Fwp%2Fv2%2Fmedia&parent=3121"}],"curies":[{"name":"wp","href":"https:\/\/api.w.org\/{rel}","templated":true}]}}