{"id":332,"date":"2021-10-20T22:56:21","date_gmt":"2021-10-20T20:56:21","guid":{"rendered":"https:\/\/fullstockfileservice.com\/?page_id=332"},"modified":"2024-12-01T10:58:21","modified_gmt":"2024-12-01T09:58:21","slug":"formations-video","status":"publish","type":"page","link":"https:\/\/fullstockfileservice.com\/?page_id=332","title":{"rendered":"VOIR NOS FORMATIONS VIDEO"},"content":{"rendered":"<p><strong>FULLSTOCK<\/strong> vous propose quelques tutoriaux en acc\u00e8s libre sur notre page <a rel=\"noreferrer noopener\" href=\"https:\/\/www.youtube.com\/channel\/UCmkdMjgelWMvSN1lTnzRXzw\" data-type=\"URL\" data-id=\"https:\/\/www.youtube.com\/channel\/UCmkdMjgelWMvSN1lTnzRXzw\" target=\"_blank\">Youtube \u00ab\u00a0Tune It Yourself\u00a0\u00bb<\/a>! N\u2019h\u00e9sitez pas \u00e0 aller faire un tour, et vous abonner, nous mettons en ligne des tutos r\u00e9guli\u00e8rement.<\/p><figure class=\"wp-block-image aligncenter size-full\"><img data-recalc-dims=\"1\" fetchpriority=\"high\" decoding=\"async\" width=\"600\" height=\"338\" src=\"https:\/\/i0.wp.com\/fullstockfileservice.com\/wp-content\/uploads\/2022\/11\/tttt.jpg?resize=600%2C338&#038;ssl=1\" alt=\"\" class=\"wp-image-1033\" srcset=\"https:\/\/i0.wp.com\/fullstockfileservice.com\/wp-content\/uploads\/2022\/11\/tttt.jpg?w=600&amp;ssl=1 600w, https:\/\/i0.wp.com\/fullstockfileservice.com\/wp-content\/uploads\/2022\/11\/tttt.jpg?resize=300%2C169&amp;ssl=1 300w\" sizes=\"(max-width: 600px) 100vw, 600px\" \/><\/figure><p>Ces tutoriaux vous sont propos\u00e9s comme base de d\u00e9couverte de diff\u00e9rents calculateurs moteurs au travers de quelques unes des solutions disponible sur le march\u00e9, que sont WinOLS, ECM Titanium, EDCSuite, HPTuners, et de nombreux autres logiciels encore.<\/p><p>Pour des formations personnalis\u00e9es avec ECM Titanium sur des calculateurs plus r\u00e9cents, une section payante \u00e0 l&rsquo;unit\u00e9 ou par abonnement est en cour de d\u00e9veloppement.<\/p><p><\/p><div class=\"wp-block-group is-layout-flow wp-block-group-is-layout-flow\"><figure class=\"wp-block-embed is-type-video is-provider-youtube wp-block-embed-youtube wp-embed-aspect-16-9 wp-has-aspect-ratio\"><div class=\"wp-block-embed__wrapper\">\n<div class='avia-iframe-wrap'><iframe title=\"Tutorial francais ECM Titanium : Corriger le probl\u00e8me de d\u00e9marrage \u00e0 chaud AUDI VW SEAT SKODA VAG\" width=\"1500\" height=\"844\" src=\"https:\/\/www.youtube.com\/embed\/Pr-ZWoUlBVc?feature=oembed\" frameborder=\"0\" allow=\"accelerometer; autoplay; clipboard-write; encrypted-media; gyroscope; picture-in-picture; web-share\" allowfullscreen><\/iframe><\/div>\n<\/div><\/figure><\/div><figure class=\"wp-block-embed is-type-video is-provider-youtube wp-block-embed-youtube wp-embed-aspect-16-9 wp-has-aspect-ratio\"><div class=\"wp-block-embed__wrapper\">\n<div class='avia-iframe-wrap'><iframe title=\"Tutorial francais ECM Titanium : BMW 330D E46 184ch calculateur BOSCH EDC15C4\" width=\"1500\" height=\"844\" src=\"https:\/\/www.youtube.com\/embed\/Q7jIqxMlB6c?feature=oembed\" frameborder=\"0\" allow=\"accelerometer; autoplay; clipboard-write; encrypted-media; gyroscope; picture-in-picture; web-share\" allowfullscreen><\/iframe><\/div>\n<\/div><\/figure><figure class=\"wp-block-embed is-type-video is-provider-youtube wp-block-embed-youtube wp-embed-aspect-16-9 wp-has-aspect-ratio\"><div class=\"wp-block-embed__wrapper\">\n<div class='avia-iframe-wrap'><iframe title=\"Tutorial gratuit francais ECM Titanium : Stage 1 RENAULT Clio 2 1.2 1.4 1.6 2.0 RS ecu Sirius 32 34\" width=\"1500\" height=\"844\" src=\"https:\/\/www.youtube.com\/embed\/lLnNKBKvOro?feature=oembed\" frameborder=\"0\" allow=\"accelerometer; autoplay; clipboard-write; encrypted-media; gyroscope; picture-in-picture; web-share\" allowfullscreen><\/iframe><\/div>\n<\/div><\/figure><figure class=\"wp-block-embed is-type-video is-provider-youtube wp-block-embed-youtube wp-embed-aspect-16-9 wp-has-aspect-ratio\"><div class=\"wp-block-embed__wrapper\">\n<div class='avia-iframe-wrap'><iframe title=\"Tutorial francais ECM Titanium : Moteur PSA Peugeot Citroen 2L HDI 90 et 110 ch ecu BOSCH EDC15\" width=\"1500\" height=\"844\" src=\"https:\/\/www.youtube.com\/embed\/7gX3tfnQk28?feature=oembed\" frameborder=\"0\" allow=\"accelerometer; autoplay; clipboard-write; encrypted-media; gyroscope; picture-in-picture; web-share\" allowfullscreen><\/iframe><\/div>\n<\/div><\/figure><figure class=\"wp-block-embed is-type-video is-provider-youtube wp-block-embed-youtube wp-embed-aspect-16-9 wp-has-aspect-ratio\"><div class=\"wp-block-embed__wrapper\">\n<div class='avia-iframe-wrap'><iframe title=\"Tutorial gratuit francais ECM Titanium : Carto stage 1 VW Golf 6 GTD ecu EDC17, les bases\" width=\"1500\" height=\"844\" src=\"https:\/\/www.youtube.com\/embed\/uvL1U-PJltI?feature=oembed\" frameborder=\"0\" allow=\"accelerometer; autoplay; clipboard-write; encrypted-media; gyroscope; picture-in-picture; web-share\" allowfullscreen><\/iframe><\/div>\n<\/div><\/figure><figure class=\"wp-block-embed is-type-video is-provider-youtube wp-block-embed-youtube wp-embed-aspect-16-9 wp-has-aspect-ratio\"><div class=\"wp-block-embed__wrapper\">\n<div class='avia-iframe-wrap'><iframe title=\"Tutorial gratuit francais ECM Titanium : Carto stage 1 Audi VW Seat TDI 140 Bosch EDC17, les bases\" width=\"1500\" height=\"844\" src=\"https:\/\/www.youtube.com\/embed\/QlArLz7_Dtk?feature=oembed\" frameborder=\"0\" allow=\"accelerometer; autoplay; clipboard-write; encrypted-media; gyroscope; picture-in-picture; web-share\" allowfullscreen><\/iframe><\/div>\n<\/div><\/figure>","protected":false},"excerpt":{"rendered":"<p>FULLSTOCK vous propose quelques tutoriaux en acc\u00e8s libre sur notre page Youtube \u00ab\u00a0Tune It Yourself\u00a0\u00bb! N\u2019h\u00e9sitez pas \u00e0 aller faire un tour, et vous abonner, nous mettons en ligne des tutos r\u00e9guli\u00e8rement. Ces tutoriaux vous sont propos\u00e9s comme base de d\u00e9couverte de diff\u00e9rents calculateurs moteurs au travers de quelques unes des solutions disponible sur le [&hellip;]<\/p>\n","protected":false},"author":1,"featured_media":0,"parent":0,"menu_order":0,"comment_status":"closed","ping_status":"closed","template":"","meta":{"om_disable_all_campaigns":false,"_monsterinsights_skip_tracking":false,"_monsterinsights_sitenote_active":false,"_monsterinsights_sitenote_note":"","_monsterinsights_sitenote_category":0,"footnotes":""},"class_list":["post-332","page","type-page","status-publish","hentry"],"aioseo_notices":[],"jetpack_sharing_enabled":true,"_links":{"self":[{"href":"https:\/\/fullstockfileservice.com\/index.php?rest_route=\/wp\/v2\/pages\/332","targetHints":{"allow":["GET"]}}],"collection":[{"href":"https:\/\/fullstockfileservice.com\/index.php?rest_route=\/wp\/v2\/pages"}],"about":[{"href":"https:\/\/fullstockfileservice.com\/index.php?rest_route=\/wp\/v2\/types\/page"}],"author":[{"embeddable":true,"href":"https:\/\/fullstockfileservice.com\/index.php?rest_route=\/wp\/v2\/users\/1"}],"replies":[{"embeddable":true,"href":"https:\/\/fullstockfileservice.com\/index.php?rest_route=%2Fwp%2Fv2%2Fcomments&post=332"}],"version-history":[{"count":2,"href":"https:\/\/fullstockfileservice.com\/index.php?rest_route=\/wp\/v2\/pages\/332\/revisions"}],"predecessor-version":[{"id":3569,"href":"https:\/\/fullstockfileservice.com\/index.php?rest_route=\/wp\/v2\/pages\/332\/revisions\/3569"}],"wp:attachment":[{"href":"https:\/\/fullstockfileservice.com\/index.php?rest_route=%2Fwp%2Fv2%2Fmedia&parent=332"}],"curies":[{"name":"wp","href":"https:\/\/api.w.org\/{rel}","templated":true}]}}