{"id":83,"date":"2017-08-03T15:30:46","date_gmt":"2017-08-03T13:30:46","guid":{"rendered":"http:\/\/www.hpengineering.fr\/?page_id=83"},"modified":"2025-11-11T13:56:50","modified_gmt":"2025-11-11T12:56:50","slug":"contact","status":"publish","type":"page","link":"https:\/\/fullstockfileservice.com\/?page_id=83","title":{"rendered":"Pour nous contacter"},"content":{"rendered":"\n<div class=\"wpcf7 no-js\" id=\"wpcf7-f355-o1\" lang=\"fr-FR\" dir=\"ltr\" data-wpcf7-id=\"355\">\n<div class=\"screen-reader-response\"><p role=\"status\" aria-live=\"polite\" aria-atomic=\"true\"><\/p> <ul><\/ul><\/div>\n<form action=\"\/index.php?rest_route=%2Fwp%2Fv2%2Fpages%2F83#wpcf7-f355-o1\" method=\"post\" class=\"wpcf7-form init\" aria-label=\"Formulaire de contact\" enctype=\"multipart\/form-data\" novalidate=\"novalidate\" data-status=\"init\">\n<div style=\"display: none;\">\n<input type=\"hidden\" name=\"_wpcf7\" value=\"355\" \/>\n<input type=\"hidden\" name=\"_wpcf7_version\" value=\"6.0.5\" \/>\n<input type=\"hidden\" name=\"_wpcf7_locale\" value=\"fr_FR\" \/>\n<input type=\"hidden\" name=\"_wpcf7_unit_tag\" value=\"wpcf7-f355-o1\" \/>\n<input type=\"hidden\" name=\"_wpcf7_container_post\" value=\"0\" \/>\n<input type=\"hidden\" name=\"_wpcf7_posted_data_hash\" value=\"\" \/>\n<input type=\"hidden\" name=\"_wpcf7_recaptcha_response\" value=\"\" \/>\n<\/div>\n<p>Besoin d'un renseignement? D'un conseil? N\u2019h\u00e9sitez pas \u00e0 me laisser un message, je vous r\u00e9pondrais dans les plus brefs d\u00e9lais.<br \/>\nPour tout ce qui concerne les tarifs des prestations, utilisez l'un des deux formulaires d'envoi de fichier pour simuler le co\u00fbt de votre demande et dans le cas d'une demande particuli\u00e8re non disponible dans la liste, envoyez moi un message via le formulaire suivant.\n<\/p>\n<p><span class=\"wpcf7-form-control-wrap\" data-name=\"menu-247\"><select class=\"wpcf7-form-control wpcf7-select\" aria-invalid=\"false\" name=\"menu-247\"><option value=\"G\u00e9n\u00e9ral\">G\u00e9n\u00e9ral<\/option><option value=\"Conseil technique\">Conseil technique<\/option><option value=\"Service client\">Service client<\/option><\/select><\/span>\n<\/p>\n<p><label> Votre Nom et pr\u00e9nom (obligatoire)<br \/>\n<span class=\"wpcf7-form-control-wrap\" data-name=\"your-name\"><input size=\"40\" maxlength=\"400\" class=\"wpcf7-form-control wpcf7-text wpcf7-validates-as-required\" aria-required=\"true\" aria-invalid=\"false\" value=\"\" type=\"text\" name=\"your-name\" \/><\/span> <\/label>\n<\/p>\n<p><label> Votre e-mail (obligatoire)<br \/>\n<span class=\"wpcf7-form-control-wrap\" data-name=\"your-email\"><input size=\"40\" maxlength=\"400\" class=\"wpcf7-form-control wpcf7-email wpcf7-validates-as-required wpcf7-text wpcf7-validates-as-email\" aria-required=\"true\" aria-invalid=\"false\" value=\"\" type=\"email\" name=\"your-email\" \/><\/span> <\/label>\n<\/p>\n<p><label> Objet<br \/>\n<span class=\"wpcf7-form-control-wrap\" data-name=\"your-subject\"><input size=\"40\" maxlength=\"400\" class=\"wpcf7-form-control wpcf7-text wpcf7-validates-as-required\" aria-required=\"true\" aria-invalid=\"false\" value=\"\" type=\"text\" name=\"your-subject\" \/><\/span> <\/label>\n<\/p>\n<p><label> Votre message (facultatif)<br \/>\n<span class=\"wpcf7-form-control-wrap\" data-name=\"your-message\"><textarea cols=\"40\" rows=\"10\" maxlength=\"2000\" class=\"wpcf7-form-control wpcf7-textarea\" aria-invalid=\"false\" name=\"your-message\"><\/textarea><\/span> <\/label>\n<\/p>\n<p><label> Ajouter un fichier (format ZIP, BIN, ORI, TUN, HEX, MOD)<\/label><br \/>\n<span class=\"wpcf7-form-control-wrap\" data-name=\"file-410\"><input size=\"40\" class=\"wpcf7-form-control wpcf7-file\" accept=\".zip,.bin,.tun,.hex,.mod,.ori\" aria-invalid=\"false\" type=\"file\" name=\"file-410\" \/><\/span>\n<\/p>\n<p><input class=\"wpcf7-form-control wpcf7-submit has-spinner\" type=\"submit\" value=\"Envoyer\" \/>\n<\/p><input type='hidden' class='wpcf7-pum' value='{\"closepopup\":false,\"closedelay\":0,\"openpopup\":false,\"openpopup_id\":0}' \/><div class=\"wpcf7-response-output\" aria-hidden=\"true\"><\/div>\n<\/form>\n<\/div>\n\n<p>Il arrive que nos emails atterrissent directement dans les spams, n&rsquo;attendez pas et ajoutez nos emails \u00e0 votre liste blanche pour \u00eatre sur de recevoir une r\u00e9ponse fullstockfileservice@gmail.com et infos@fullstockfileservice.com !<\/p>\n<p>Prenez connaissance de notre <a href=\"https:\/\/fullstockfileservice.com\/politique-de-remboursement\/\">politique de remboursement<\/a><\/p>\n<p>Infos l\u00e9gales<\/p>\n<p>FULLSTOCK et son repr\u00e9sentant l\u00e9gale, M. Kevin HUGUES<br \/>\n311 chemin du lauzon, 26130 Montsegur sur lauzon<br \/>\nRCS de Roman 480 965 433 code APE : 6202A<\/p>\n","protected":false},"excerpt":{"rendered":"<p>Il arrive que nos emails atterrissent directement dans les spams, n&rsquo;attendez pas et ajoutez nos emails \u00e0 votre liste blanche pour \u00eatre sur de recevoir une r\u00e9ponse fullstockfileservice@gmail.com et infos@fullstockfileservice.com ! Prenez connaissance de notre politique de remboursement Infos l\u00e9gales FULLSTOCK et son repr\u00e9sentant l\u00e9gale, M. Kevin HUGUES 311 chemin du lauzon, 26130 Montsegur sur [&hellip;]<\/p>\n","protected":false},"author":1,"featured_media":0,"parent":0,"menu_order":0,"comment_status":"closed","ping_status":"closed","template":"","meta":{"om_disable_all_campaigns":false,"_monsterinsights_skip_tracking":false,"_monsterinsights_sitenote_active":false,"_monsterinsights_sitenote_note":"","_monsterinsights_sitenote_category":0,"footnotes":""},"class_list":["post-83","page","type-page","status-publish","hentry"],"aioseo_notices":[],"jetpack_sharing_enabled":true,"_links":{"self":[{"href":"https:\/\/fullstockfileservice.com\/index.php?rest_route=\/wp\/v2\/pages\/83","targetHints":{"allow":["GET"]}}],"collection":[{"href":"https:\/\/fullstockfileservice.com\/index.php?rest_route=\/wp\/v2\/pages"}],"about":[{"href":"https:\/\/fullstockfileservice.com\/index.php?rest_route=\/wp\/v2\/types\/page"}],"author":[{"embeddable":true,"href":"https:\/\/fullstockfileservice.com\/index.php?rest_route=\/wp\/v2\/users\/1"}],"replies":[{"embeddable":true,"href":"https:\/\/fullstockfileservice.com\/index.php?rest_route=%2Fwp%2Fv2%2Fcomments&post=83"}],"version-history":[{"count":3,"href":"https:\/\/fullstockfileservice.com\/index.php?rest_route=\/wp\/v2\/pages\/83\/revisions"}],"predecessor-version":[{"id":4419,"href":"https:\/\/fullstockfileservice.com\/index.php?rest_route=\/wp\/v2\/pages\/83\/revisions\/4419"}],"wp:attachment":[{"href":"https:\/\/fullstockfileservice.com\/index.php?rest_route=%2Fwp%2Fv2%2Fmedia&parent=83"}],"curies":[{"name":"wp","href":"https:\/\/api.w.org\/{rel}","templated":true}]}}