{"id":3584,"date":"2024-12-18T11:14:28","date_gmt":"2024-12-18T10:14:28","guid":{"rendered":"https:\/\/fullstockfileservice.com\/?post_type=product&#038;p=3584"},"modified":"2024-12-18T11:14:28","modified_gmt":"2024-12-18T10:14:28","slug":"bosch-0281011890-edc15c13-renault-trafic-2-5-dci","status":"publish","type":"product","link":"https:\/\/fullstockfileservice.com\/?product=bosch-0281011890-edc15c13-renault-trafic-2-5-dci","title":{"rendered":"Bosch 0281011890 EDC15C13 RENAULT TRAFIC 2.5 DCI"},"content":{"rendered":"<p>Calculateur Bosch d&rsquo;occasion \u00e0 recoder pour votre v\u00e9hicule<\/p>\n<p>RENAULT TRAFIC 2.5 DCI<\/p>\n<p>Bosch 0281011890<\/p>\n<p>EDC15C13<\/p>\n<p>8200402578<\/p>\n<p>HOM8200091517<\/p>\n<p>&nbsp;<\/p>\n<p>Merci de bien v\u00e9rifier la compatibilit\u00e9 de votre calculateur avant d&rsquo;acheter cet ecu d&rsquo;occasion. Il sera necessaire de coder l&rsquo;immo et les injecteurs de votre pour le demarrage.<\/p>\n","protected":false},"excerpt":{"rendered":"<p>Calculateur Bosch d&rsquo;occasion \u00e0 recoder pour votre v\u00e9hicule RENAULT TRAFIC 2.5 DCI Bosch 0281011890 EDC15C13 8200402578 HOM8200091517 &nbsp; Merci de bien v\u00e9rifier la compatibilit\u00e9 de votre calculateur avant d&rsquo;acheter cet ecu d&rsquo;occasion. Il sera necessaire de coder l&rsquo;immo et les injecteurs de votre pour le demarrage.<\/p>\n","protected":false},"featured_media":3585,"template":"","meta":{"om_disable_all_campaigns":false,"_monsterinsights_skip_tracking":false,"_monsterinsights_sitenote_active":false,"_monsterinsights_sitenote_note":"","_monsterinsights_sitenote_category":0,"jetpack_publicize_message":"","jetpack_publicize_feature_enabled":true,"jetpack_social_post_already_shared":true,"jetpack_social_options":{"image_generator_settings":{"template":"highway","enabled":false},"version":2}},"product_brand":[],"product_cat":[110],"product_tag":[],"class_list":{"0":"post-3584","1":"product","2":"type-product","3":"status-publish","4":"has-post-thumbnail","6":"product_cat-calculateur","8":"first","9":"instock","10":"shipping-taxable","11":"purchasable","12":"product-type-simple"},"jetpack_publicize_connections":[],"aioseo_notices":[],"jetpack_sharing_enabled":true,"_links":{"self":[{"href":"https:\/\/fullstockfileservice.com\/index.php?rest_route=\/wp\/v2\/product\/3584","targetHints":{"allow":["GET"]}}],"collection":[{"href":"https:\/\/fullstockfileservice.com\/index.php?rest_route=\/wp\/v2\/product"}],"about":[{"href":"https:\/\/fullstockfileservice.com\/index.php?rest_route=\/wp\/v2\/types\/product"}],"wp:featuredmedia":[{"embeddable":true,"href":"https:\/\/fullstockfileservice.com\/index.php?rest_route=\/wp\/v2\/media\/3585"}],"wp:attachment":[{"href":"https:\/\/fullstockfileservice.com\/index.php?rest_route=%2Fwp%2Fv2%2Fmedia&parent=3584"}],"wp:term":[{"taxonomy":"product_brand","embeddable":true,"href":"https:\/\/fullstockfileservice.com\/index.php?rest_route=%2Fwp%2Fv2%2Fproduct_brand&post=3584"},{"taxonomy":"product_cat","embeddable":true,"href":"https:\/\/fullstockfileservice.com\/index.php?rest_route=%2Fwp%2Fv2%2Fproduct_cat&post=3584"},{"taxonomy":"product_tag","embeddable":true,"href":"https:\/\/fullstockfileservice.com\/index.php?rest_route=%2Fwp%2Fv2%2Fproduct_tag&post=3584"}],"curies":[{"name":"wp","href":"https:\/\/api.w.org\/{rel}","templated":true}]}}