{"id":3769,"date":"2025-04-11T22:14:45","date_gmt":"2025-04-11T20:14:45","guid":{"rendered":"https:\/\/fullstockfileservice.com\/?post_type=product&#038;p=3769"},"modified":"2026-03-21T09:33:51","modified_gmt":"2026-03-21T08:33:51","slug":"reparation-de-votre-fichier-airbag","status":"publish","type":"product","link":"https:\/\/fullstockfileservice.com\/?product=reparation-de-votre-fichier-airbag","title":{"rendered":"R\u00e9paration de votre fichier AIRBAG"},"content":{"rendered":"<div>\n<div class=\"css-146c3p1 r-bcqeeo r-1ttztb7 r-qvutc0 r-1qd0xha r-a023e6 r-16dba41 r-1adg3ll r-1b5gpbm r-a8ghvy\" dir=\"ltr\"><em><strong><span class=\"css-1jxf684 r-bcqeeo r-1ttztb7 r-qvutc0 r-poiln3\"><span class=\"css-1jxf684 r-bcqeeo r-1ttztb7 r-qvutc0 r-poiln3 r-b88u0q r-a8ghvy\"><span class=\"css-1jxf684 r-bcqeeo r-1ttztb7 r-qvutc0 r-poiln3 r-a8ghvy\">R\u00e9parez votre calculateur airbag rapidement et \u00e0 moindre co\u00fbt !<\/span><\/span><\/span><\/strong><\/em><\/div>\n<div class=\"css-146c3p1 r-bcqeeo r-1ttztb7 r-qvutc0 r-1qd0xha r-a023e6 r-16dba41 r-1adg3ll r-1b5gpbm r-a8ghvy\" dir=\"ltr\"><span class=\"css-1jxf684 r-bcqeeo r-1ttztb7 r-qvutc0 r-poiln3\"><br \/>\n<span class=\"css-1jxf684 r-bcqeeo r-1ttztb7 r-qvutc0 r-poiln3 r-a8ghvy\">Vous avez un probl\u00e8me avec votre calculateur airbag ? Pas besoin de remplacer l&rsquo;unit\u00e9 enti\u00e8re ! Avec notre service de r\u00e9paration en ligne, nous restaurons vos fichiers de calculateur airbag pour une fraction du prix d&rsquo;un remplacement. <\/span><\/span><\/div>\n<div dir=\"ltr\"><\/div>\n<div class=\"css-146c3p1 r-bcqeeo r-1ttztb7 r-qvutc0 r-1qd0xha r-a023e6 r-16dba41 r-1adg3ll r-1b5gpbm r-a8ghvy\" dir=\"ltr\"><em><strong><span class=\"css-1jxf684 r-bcqeeo r-1ttztb7 r-qvutc0 r-poiln3\"><span class=\"css-1jxf684 r-bcqeeo r-1ttztb7 r-qvutc0 r-poiln3 r-b88u0q r-a8ghvy\"><span class=\"css-1jxf684 r-bcqeeo r-1ttztb7 r-qvutc0 r-poiln3 r-a8ghvy\">Comment \u00e7a marche ?<\/span><\/span><\/span><\/strong><\/em><\/div>\n<ol dir=\"ltr\" start=\"1\">\n<li>Vous effectuez la lecture de votre calculateur airbag avec un outil sp\u00e9cialis\u00e9 ou lecteur d&rsquo;eproom<\/li>\n<li>\n<div class=\"css-146c3p1 r-bcqeeo r-1ttztb7 r-qvutc0 r-1qd0xha r-a023e6 r-rjixqe r-16dba41\" dir=\"ltr\"><span class=\"css-1jxf684 r-bcqeeo r-1ttztb7 r-qvutc0 r-poiln3 r-a8ghvy\"><span class=\"css-1jxf684 r-bcqeeo r-1ttztb7 r-qvutc0 r-poiln3\">T\u00e9l\u00e9chargez le fichier de votre calculateur airbag en y joignant une photo de l\u2019\u00e9tiquette de votre calculateur (format ZIP accept\u00e9). Si vous ne pouvez pas joindre un fichier ZIP ou la photo, vous pouvez nous la joindre par email sur fullstockfileservice@gmail.com, ou mettez simplement les r\u00e9f\u00e9rences du calculateur dans le nom de votre fichier (un boitier airbag a de nombreuses r\u00e9f\u00e9rences, \u00e9crivez sur votre fichier la marque, et le d\u00e9tail du calculateur, voici un exemple entour\u00e9 en bleu des informations dont nous avons besoin :<\/span><\/span><\/div>\n<\/li>\n<li>\n<div class=\"css-146c3p1 r-bcqeeo r-1ttztb7 r-qvutc0 r-1qd0xha r-a023e6 r-rjixqe r-16dba41\" dir=\"ltr\"><span class=\"css-1jxf684 r-bcqeeo r-1ttztb7 r-qvutc0 r-poiln3 r-a8ghvy\"><span class=\"css-1jxf684 r-bcqeeo r-1ttztb7 r-qvutc0 r-poiln3\">\u00a0 \u00a0<img data-recalc-dims=\"1\" fetchpriority=\"high\" decoding=\"async\" class=\"size-medium wp-image-4755 aligncenter\" src=\"https:\/\/i0.wp.com\/fullstockfileservice.com\/wp-content\/uploads\/2025\/04\/airbagdetail.jpg?resize=300%2C294&#038;ssl=1\" alt=\"\" width=\"300\" height=\"294\" srcset=\"https:\/\/i0.wp.com\/fullstockfileservice.com\/wp-content\/uploads\/2025\/04\/airbagdetail.jpg?resize=300%2C294&amp;ssl=1 300w, https:\/\/i0.wp.com\/fullstockfileservice.com\/wp-content\/uploads\/2025\/04\/airbagdetail.jpg?resize=36%2C36&amp;ssl=1 36w, https:\/\/i0.wp.com\/fullstockfileservice.com\/wp-content\/uploads\/2025\/04\/airbagdetail.jpg?resize=450%2C440&amp;ssl=1 450w, https:\/\/i0.wp.com\/fullstockfileservice.com\/wp-content\/uploads\/2025\/04\/airbagdetail.jpg?resize=400%2C391&amp;ssl=1 400w, https:\/\/i0.wp.com\/fullstockfileservice.com\/wp-content\/uploads\/2025\/04\/airbagdetail.jpg?w=511&amp;ssl=1 511w\" sizes=\"(max-width: 300px) 100vw, 300px\" \/><\/span><\/span><\/div>\n<\/li>\n<li>\n<div class=\"css-146c3p1 r-bcqeeo r-1ttztb7 r-qvutc0 r-1qd0xha r-a023e6 r-rjixqe r-16dba41\" dir=\"ltr\"><span class=\"css-1jxf684 r-bcqeeo r-1ttztb7 r-qvutc0 r-poiln3 r-a8ghvy\"><span class=\"css-1jxf684 r-bcqeeo r-1ttztb7 r-qvutc0 r-poiln3\">Nos experts analysent et r\u00e9parent les donn\u00e9es en quelques heures. <\/span><\/span><\/div>\n<\/li>\n<li>\n<div class=\"css-146c3p1 r-bcqeeo r-1ttztb7 r-qvutc0 r-1qd0xha r-a023e6 r-rjixqe r-16dba41\" dir=\"ltr\"><span class=\"css-1jxf684 r-bcqeeo r-1ttztb7 r-qvutc0 r-poiln3 r-a8ghvy\"><span class=\"css-1jxf684 r-bcqeeo r-1ttztb7 r-qvutc0 r-poiln3\">Recevez votre fichier r\u00e9par\u00e9 par email, pr\u00eat \u00e0 \u00eatre r\u00e9install\u00e9 !<\/span><\/span><\/div>\n<\/li>\n<\/ol>\n<div class=\"css-146c3p1 r-bcqeeo r-1ttztb7 r-qvutc0 r-1qd0xha r-a023e6 r-16dba41 r-1adg3ll r-1b5gpbm r-a8ghvy\" dir=\"ltr\"><em><strong><span class=\"css-1jxf684 r-bcqeeo r-1ttztb7 r-qvutc0 r-poiln3\"><span class=\"css-1jxf684 r-bcqeeo r-1ttztb7 r-qvutc0 r-poiln3 r-b88u0q r-a8ghvy\"><span class=\"css-1jxf684 r-bcqeeo r-1ttztb7 r-qvutc0 r-poiln3 r-a8ghvy\">Pourquoi choisir notre service ?<\/span><\/span><\/span><\/strong><\/em><\/div>\n<ul dir=\"ltr\">\n<li>\n<div class=\"css-146c3p1 r-bcqeeo r-1ttztb7 r-qvutc0 r-1qd0xha r-a023e6 r-rjixqe r-16dba41\" dir=\"ltr\"><span class=\"css-1jxf684 r-bcqeeo r-1ttztb7 r-qvutc0 r-poiln3 r-b88u0q r-a8ghvy\"><span class=\"css-1jxf684 r-bcqeeo r-1ttztb7 r-qvutc0 r-poiln3\"><span class=\"css-1jxf684 r-bcqeeo r-1ttztb7 r-qvutc0 r-poiln3 r-a8ghvy\">\u00c9conomique<\/span><\/span><\/span><span class=\"css-1jxf684 r-bcqeeo r-1ttztb7 r-qvutc0 r-poiln3 r-a8ghvy\"><span class=\"css-1jxf684 r-bcqeeo r-1ttztb7 r-qvutc0 r-poiln3\"> : Jusqu&rsquo;\u00e0 80 % moins cher qu&rsquo;un nouveau calculateur. <\/span><\/span><\/div>\n<\/li>\n<li>\n<div class=\"css-146c3p1 r-bcqeeo r-1ttztb7 r-qvutc0 r-1qd0xha r-a023e6 r-rjixqe r-16dba41\" dir=\"ltr\"><span class=\"css-1jxf684 r-bcqeeo r-1ttztb7 r-qvutc0 r-poiln3 r-b88u0q r-a8ghvy\"><span class=\"css-1jxf684 r-bcqeeo r-1ttztb7 r-qvutc0 r-poiln3\"><span class=\"css-1jxf684 r-bcqeeo r-1ttztb7 r-qvutc0 r-poiln3 r-a8ghvy\">Rapide<\/span><\/span><\/span><span class=\"css-1jxf684 r-bcqeeo r-1ttztb7 r-qvutc0 r-poiln3 r-a8ghvy\"><span class=\"css-1jxf684 r-bcqeeo r-1ttztb7 r-qvutc0 r-poiln3\"> : R\u00e9paration en ligne sans quitter votre domicile. <\/span><\/span><\/div>\n<\/li>\n<li>\n<div class=\"css-146c3p1 r-bcqeeo r-1ttztb7 r-qvutc0 r-1qd0xha r-a023e6 r-rjixqe r-16dba41\" dir=\"ltr\"><span class=\"css-1jxf684 r-bcqeeo r-1ttztb7 r-qvutc0 r-poiln3 r-b88u0q r-a8ghvy\"><span class=\"css-1jxf684 r-bcqeeo r-1ttztb7 r-qvutc0 r-poiln3\"><span class=\"css-1jxf684 r-bcqeeo r-1ttztb7 r-qvutc0 r-poiln3 r-a8ghvy\">Fiable<\/span><\/span><\/span><span class=\"css-1jxf684 r-bcqeeo r-1ttztb7 r-qvutc0 r-poiln3 r-a8ghvy\"><span class=\"css-1jxf684 r-bcqeeo r-1ttztb7 r-qvutc0 r-poiln3\"> : Travail effectu\u00e9 par des techniciens sp\u00e9cialis\u00e9s. <\/span><\/span><\/div>\n<\/li>\n<li>\n<div class=\"css-146c3p1 r-bcqeeo r-1ttztb7 r-qvutc0 r-1qd0xha r-a023e6 r-rjixqe r-16dba41\" dir=\"ltr\"><span class=\"css-1jxf684 r-bcqeeo r-1ttztb7 r-qvutc0 r-poiln3 r-b88u0q r-a8ghvy\"><span class=\"css-1jxf684 r-bcqeeo r-1ttztb7 r-qvutc0 r-poiln3\"><span class=\"css-1jxf684 r-bcqeeo r-1ttztb7 r-qvutc0 r-poiln3 r-a8ghvy\">Compatible<\/span><\/span><\/span><span class=\"css-1jxf684 r-bcqeeo r-1ttztb7 r-qvutc0 r-poiln3 r-a8ghvy\"><span class=\"css-1jxf684 r-bcqeeo r-1ttztb7 r-qvutc0 r-poiln3\"> : Prise en charge de la plupart des marques et mod\u00e8les.<\/span><\/span><\/div>\n<\/li>\n<\/ul>\n<div class=\"css-146c3p1 r-bcqeeo r-1ttztb7 r-qvutc0 r-1qd0xha r-a023e6 r-16dba41 r-1adg3ll r-1b5gpbm r-a8ghvy\" dir=\"ltr\"><span class=\"css-1jxf684 r-bcqeeo r-1ttztb7 r-qvutc0 r-poiln3\"><span class=\"css-1jxf684 r-bcqeeo r-1ttztb7 r-qvutc0 r-poiln3 r-b88u0q r-a8ghvy\" style=\"font-weight: bold;\"><span class=\"css-1jxf684 r-bcqeeo r-1ttztb7 r-qvutc0 r-poiln3 r-a8ghvy\">Disclaimer<\/span><\/span><span class=\"css-1jxf684 r-bcqeeo r-1ttztb7 r-qvutc0 r-poiln3 r-a8ghvy\"><b> : Si des \u00e9l\u00e9ments d\u00e9clench\u00e9s lors d\u2019un choc (comme les pr\u00e9tensionneurs ou airbags) sont impliqu\u00e9s, il est obligatoire de les remplacer avant de brancher le calculateur r\u00e9par\u00e9. Sans ce remplacement, des erreurs peuvent r\u00e9appara\u00eetre au diagnostic, et une intervention suppl\u00e9mentaire sur le calculateur airbag pourrait \u00eatre n\u00e9cessaire pour garantir un fonctionnement optimal, et ne sera pas pris en charge par la garantie. Dans le cas ou votre calculateur pr\u00e9sente des traces d&rsquo;oxydations, d&rsquo;humidit\u00e9 ou de br\u00fblures, nous ne pouvons garantir le bon fonctionnement de la r\u00e9paration de votre calculateur airbag.<\/b><\/span><\/span><\/div>\n<\/div>\n<div dir=\"ltr\"><\/div>\n<div>\n<div class=\"css-146c3p1 r-bcqeeo r-1ttztb7 r-qvutc0 r-1qd0xha r-a023e6 r-16dba41 r-1adg3ll r-1b5gpbm r-a8ghvy\" dir=\"ltr\"><strong><span class=\"css-1jxf684 r-bcqeeo r-1ttztb7 r-qvutc0 r-poiln3\"><span class=\"css-1jxf684 r-bcqeeo r-1ttztb7 r-qvutc0 r-poiln3 r-b88u0q r-a8ghvy\"><span class=\"css-1jxf684 r-bcqeeo r-1ttztb7 r-qvutc0 r-poiln3 r-a8ghvy\">Redonnez vie \u00e0 votre syst\u00e8me airbag d\u00e8s aujourd&rsquo;hui !\u00a0<\/span><\/span><\/span><\/strong><\/div>\n<\/div>\n<div dir=\"ltr\"><\/div>\n<div dir=\"ltr\"><\/div>\n","protected":false},"excerpt":{"rendered":"<div class=\"css-146c3p1 r-bcqeeo r-1ttztb7 r-qvutc0 r-1qd0xha r-a023e6 r-16dba41 r-1adg3ll r-1b5gpbm r-a8ghvy\" dir=\"ltr\"><em><strong><span class=\"css-1jxf684 r-bcqeeo r-1ttztb7 r-qvutc0 r-poiln3\"><span class=\"css-1jxf684 r-bcqeeo r-1ttztb7 r-qvutc0 r-poiln3 r-b88u0q r-a8ghvy\"><span class=\"css-1jxf684 r-bcqeeo r-1ttztb7 r-qvutc0 r-poiln3 r-a8ghvy\">R\u00e9parez votre calculateur airbag rapidement et \u00e0 moindre co\u00fbt !<\/span><\/span><\/span><\/strong><\/em><\/div>\n<div class=\"css-146c3p1 r-bcqeeo r-1ttztb7 r-qvutc0 r-1qd0xha r-a023e6 r-16dba41 r-1adg3ll r-1b5gpbm r-a8ghvy\" dir=\"ltr\"><span class=\"css-1jxf684 r-bcqeeo r-1ttztb7 r-qvutc0 r-poiln3\"><br \/>\n<span class=\"css-1jxf684 r-bcqeeo r-1ttztb7 r-qvutc0 r-poiln3 r-a8ghvy\">Vous avez un probl\u00e8me avec votre calculateur airbag ? Pas besoin de remplacer l&rsquo;unit\u00e9 enti\u00e8re ! Avec notre service de r\u00e9paration en ligne, nous restaurons vos fichiers de calculateur airbag pour une fraction du prix d&rsquo;un remplacement.\u00a0<\/span><\/span><\/div>\n","protected":false},"featured_media":3770,"template":"","meta":{"om_disable_all_campaigns":false,"_monsterinsights_skip_tracking":false,"_monsterinsights_sitenote_active":false,"_monsterinsights_sitenote_note":"","_monsterinsights_sitenote_category":0,"jetpack_publicize_message":"","jetpack_publicize_feature_enabled":true,"jetpack_social_post_already_shared":true,"jetpack_social_options":{"image_generator_settings":{"template":"highway","enabled":false},"version":2}},"product_brand":[],"product_cat":[22],"product_tag":[],"class_list":{"0":"post-3769","1":"product","2":"type-product","3":"status-publish","4":"has-post-thumbnail","6":"product_cat-service-file","8":"first","9":"instock","10":"virtual","11":"purchasable","12":"product-type-simple"},"jetpack_publicize_connections":[],"aioseo_notices":[],"jetpack_sharing_enabled":true,"_links":{"self":[{"href":"https:\/\/fullstockfileservice.com\/index.php?rest_route=\/wp\/v2\/product\/3769","targetHints":{"allow":["GET"]}}],"collection":[{"href":"https:\/\/fullstockfileservice.com\/index.php?rest_route=\/wp\/v2\/product"}],"about":[{"href":"https:\/\/fullstockfileservice.com\/index.php?rest_route=\/wp\/v2\/types\/product"}],"wp:featuredmedia":[{"embeddable":true,"href":"https:\/\/fullstockfileservice.com\/index.php?rest_route=\/wp\/v2\/media\/3770"}],"wp:attachment":[{"href":"https:\/\/fullstockfileservice.com\/index.php?rest_route=%2Fwp%2Fv2%2Fmedia&parent=3769"}],"wp:term":[{"taxonomy":"product_brand","embeddable":true,"href":"https:\/\/fullstockfileservice.com\/index.php?rest_route=%2Fwp%2Fv2%2Fproduct_brand&post=3769"},{"taxonomy":"product_cat","embeddable":true,"href":"https:\/\/fullstockfileservice.com\/index.php?rest_route=%2Fwp%2Fv2%2Fproduct_cat&post=3769"},{"taxonomy":"product_tag","embeddable":true,"href":"https:\/\/fullstockfileservice.com\/index.php?rest_route=%2Fwp%2Fv2%2Fproduct_tag&post=3769"}],"curies":[{"name":"wp","href":"https:\/\/api.w.org\/{rel}","templated":true}]}}